{"id":641,"date":"2018-11-17T12:33:02","date_gmt":"2018-11-17T12:33:02","guid":{"rendered":"https:\/\/noy.nl\/de\/ueber-noy-nl%e2%80%a8\/flexibiliteit-en-regie\/"},"modified":"2024-10-09T13:17:45","modified_gmt":"2024-10-09T13:17:45","slug":"flexibilitaet-und-fuehrung","status":"publish","type":"page","link":"https:\/\/noy.nl\/de\/ueber-noy-nl\/flexibilitaet-und-fuehrung\/","title":{"rendered":"Flexibilit\u00e4t und F\u00fchrung"},"content":{"rendered":"<p><strong> NOY.NL existiert seit 1915 und verbindet Know-how und Erfahrung mit Innovationskraft.<br \/>\nNOY.NL hat ein besonders klares Ziel vor Augen: Das Unternehmen m\u00f6chte seinen Kunden eine optimale Dienstleistung bieten. Das hei\u00dft, dass NOY.NL seine Mitarbeiter st\u00e4ndig weiterbildet, attraktive Arbeitsbedingungen schafft und neue (technologische und nachhaltige) Entwicklungen einsetzt. Hiermit werden Sie und Ihre Kunden flexibler und zuverl\u00e4ssiger als je zuvor. <\/strong><\/p>\n","protected":false},"excerpt":{"rendered":"<p>NOY.NL existiert seit 1915 und verbindet Know-how und Erfahrung mit Innovationskraft. NOY.NL hat ein besonders klares Ziel vor Augen: Das Unternehmen m\u00f6chte seinen Kunden eine optimale Dienstleistung bieten. Das hei\u00dft, dass NOY.NL seine Mitarbeiter st\u00e4ndig weiterbildet, attraktive Arbeitsbedingungen schafft und neue (technologische und nachhaltige) Entwicklungen einsetzt. Hiermit werden Sie und Ihre Kunden flexibler und zuverl\u00e4ssiger [&hellip;]<\/p>\n","protected":false},"author":1,"featured_media":0,"parent":637,"menu_order":0,"comment_status":"closed","ping_status":"closed","template":"","meta":{"_acf_changed":false,"footnotes":""},"class_list":["post-641","page","type-page","status-publish","hentry"],"acf":[],"_links":{"self":[{"href":"https:\/\/noy.nl\/de\/wp-json\/wp\/v2\/pages\/641","targetHints":{"allow":["GET"]}}],"collection":[{"href":"https:\/\/noy.nl\/de\/wp-json\/wp\/v2\/pages"}],"about":[{"href":"https:\/\/noy.nl\/de\/wp-json\/wp\/v2\/types\/page"}],"author":[{"embeddable":true,"href":"https:\/\/noy.nl\/de\/wp-json\/wp\/v2\/users\/1"}],"replies":[{"embeddable":true,"href":"https:\/\/noy.nl\/de\/wp-json\/wp\/v2\/comments?post=641"}],"version-history":[{"count":0,"href":"https:\/\/noy.nl\/de\/wp-json\/wp\/v2\/pages\/641\/revisions"}],"up":[{"embeddable":true,"href":"https:\/\/noy.nl\/de\/wp-json\/wp\/v2\/pages\/637"}],"wp:attachment":[{"href":"https:\/\/noy.nl\/de\/wp-json\/wp\/v2\/media?parent=641"}],"curies":[{"name":"wp","href":"https:\/\/api.w.org\/{rel}","templated":true}]}}