{"id":644,"date":"2018-11-17T12:33:25","date_gmt":"2018-11-17T12:33:25","guid":{"rendered":"https:\/\/noy.nl\/de\/ueber-noy-nl%e2%80%a8\/mvo\/"},"modified":"2024-10-09T12:45:03","modified_gmt":"2024-10-09T12:45:03","slug":"csr","status":"publish","type":"page","link":"https:\/\/noy.nl\/de\/ueber-noy-nl\/csr\/","title":{"rendered":"CSR"},"content":{"rendered":"<p><strong>Auftraggeber sch\u00e4tzen NOY.NL, weil das Team h\u00e4lt, was es verspricht und alles daran setzt, selbst die schwierigsten Aufgaben zu meistern. Insbesondere, weil die Mitarbeiter kritisch sind und in L\u00f6sungen denken. Wenn man Teil dieser Welt ist, soll man auch Zust\u00e4ndigkeit f\u00fcr die Welt \u00fcbernehmen in der man lebt.<br \/>\n<\/strong><\/p>\n","protected":false},"excerpt":{"rendered":"<p>Auftraggeber sch\u00e4tzen NOY.NL, weil das Team h\u00e4lt, was es verspricht und alles daran setzt, selbst die schwierigsten Aufgaben zu meistern. Insbesondere, weil die Mitarbeiter kritisch sind und in L\u00f6sungen denken. Wenn man Teil dieser Welt ist, soll man auch Zust\u00e4ndigkeit f\u00fcr die Welt \u00fcbernehmen in der man lebt.<\/p>\n","protected":false},"author":1,"featured_media":0,"parent":637,"menu_order":0,"comment_status":"closed","ping_status":"closed","template":"","meta":{"_acf_changed":false,"footnotes":""},"class_list":["post-644","page","type-page","status-publish","hentry"],"acf":[],"_links":{"self":[{"href":"https:\/\/noy.nl\/de\/wp-json\/wp\/v2\/pages\/644","targetHints":{"allow":["GET"]}}],"collection":[{"href":"https:\/\/noy.nl\/de\/wp-json\/wp\/v2\/pages"}],"about":[{"href":"https:\/\/noy.nl\/de\/wp-json\/wp\/v2\/types\/page"}],"author":[{"embeddable":true,"href":"https:\/\/noy.nl\/de\/wp-json\/wp\/v2\/users\/1"}],"replies":[{"embeddable":true,"href":"https:\/\/noy.nl\/de\/wp-json\/wp\/v2\/comments?post=644"}],"version-history":[{"count":0,"href":"https:\/\/noy.nl\/de\/wp-json\/wp\/v2\/pages\/644\/revisions"}],"up":[{"embeddable":true,"href":"https:\/\/noy.nl\/de\/wp-json\/wp\/v2\/pages\/637"}],"wp:attachment":[{"href":"https:\/\/noy.nl\/de\/wp-json\/wp\/v2\/media?parent=644"}],"curies":[{"name":"wp","href":"https:\/\/api.w.org\/{rel}","templated":true}]}}