{"id":659,"date":"2018-11-13T11:59:21","date_gmt":"2018-11-13T11:59:21","guid":{"rendered":"https:\/\/noy.nl\/de\/veiligheid\/"},"modified":"2024-10-09T12:22:56","modified_gmt":"2024-10-09T12:22:56","slug":"sicherheit","status":"publish","type":"page","link":"https:\/\/noy.nl\/de\/sicherheit\/","title":{"rendered":"Sicherheit"},"content":{"rendered":"<p><strong> NOY begleitet Ihr Unternehmen, damit Sie jederzeit \u201ein control\u201c sind. Dabei handelt es sich insbesondere um zuverl\u00e4ssige und loyale Mitarbeiter. Ein extra Grund, sich au\u00dfergew\u00f6hnlich um sie zu k\u00fcmmern. Wir m\u00f6chten betonen, dass wir bei NOY.NL Innovation f\u00fcr wichtig halten und haben deswegen ein neues Konzept entwickelt, das auf folgenden Grundwerten beruht: <\/strong><\/p>\n<ol>\n<li class=\"li1\"><span class=\"s2\">Optimale Sicherheit f\u00fcr den Fahrer und die \u00fcbrigen Verkehrsteilnehmer<\/span><\/li>\n<li class=\"li1\"><span class=\"s2\">Ein komfortabler Arbeitsplatz f\u00fcr den Fahrer<\/span><\/li>\n<li class=\"li1\"><span class=\"s2\">Ein positiver Beitrag f\u00fcr die Umwelt<\/span><\/li>\n<\/ol>\n<p class=\"p1\"><span class=\"s1\">Das Ergebnis ist eine besondere Fahrzeugkombination, bestehend aus einem Mercedes Actros1945 Streamspace und einem Talson-Trailer mit Kastenaufbau.<\/span><\/p>\n","protected":false},"excerpt":{"rendered":"<p>NOY begleitet Ihr Unternehmen, damit Sie jederzeit \u201ein control\u201c sind. Dabei handelt es sich insbesondere um zuverl\u00e4ssige und loyale Mitarbeiter. Ein extra Grund, sich au\u00dfergew\u00f6hnlich um sie zu k\u00fcmmern. Wir m\u00f6chten betonen, dass wir bei NOY.NL Innovation f\u00fcr wichtig halten und haben deswegen ein neues Konzept entwickelt, das auf folgenden Grundwerten beruht: Optimale Sicherheit f\u00fcr [&hellip;]<\/p>\n","protected":false},"author":1,"featured_media":0,"parent":0,"menu_order":0,"comment_status":"closed","ping_status":"closed","template":"","meta":{"_acf_changed":false,"footnotes":""},"class_list":["post-659","page","type-page","status-publish","hentry"],"acf":[],"_links":{"self":[{"href":"https:\/\/noy.nl\/de\/wp-json\/wp\/v2\/pages\/659","targetHints":{"allow":["GET"]}}],"collection":[{"href":"https:\/\/noy.nl\/de\/wp-json\/wp\/v2\/pages"}],"about":[{"href":"https:\/\/noy.nl\/de\/wp-json\/wp\/v2\/types\/page"}],"author":[{"embeddable":true,"href":"https:\/\/noy.nl\/de\/wp-json\/wp\/v2\/users\/1"}],"replies":[{"embeddable":true,"href":"https:\/\/noy.nl\/de\/wp-json\/wp\/v2\/comments?post=659"}],"version-history":[{"count":0,"href":"https:\/\/noy.nl\/de\/wp-json\/wp\/v2\/pages\/659\/revisions"}],"wp:attachment":[{"href":"https:\/\/noy.nl\/de\/wp-json\/wp\/v2\/media?parent=659"}],"curies":[{"name":"wp","href":"https:\/\/api.w.org\/{rel}","templated":true}]}}