{"id":670,"date":"2018-11-13T11:59:41","date_gmt":"2018-11-13T11:59:41","guid":{"rendered":"https:\/\/noy.nl\/de\/contact\/"},"modified":"2019-11-08T09:46:15","modified_gmt":"2019-11-08T09:46:15","slug":"contact","status":"publish","type":"page","link":"https:\/\/noy.nl\/de\/contact\/","title":{"rendered":"Contact"},"content":{"rendered":"<h3>Was m\u00f6chten Sie wissen?<br \/>\nWas m\u00f6chten Sie verladen?<br \/>\nWas kann NOY f\u00fcr Sie tun?<\/h3>\n<h3>Bitte nehmen Sie gleich Kontakt zu uns auf\u00a0+31 (0)485 49 02 00,<br \/>\noder nutzen Sie das nachstehende Kontaktformular.<\/h3>\n","protected":false},"excerpt":{"rendered":"<p>Was m\u00f6chten Sie wissen? Was m\u00f6chten Sie verladen? Was kann NOY f\u00fcr Sie tun? Bitte nehmen Sie gleich Kontakt zu uns auf\u00a0+31 (0)485 49 02 00, oder nutzen Sie das nachstehende Kontaktformular.<\/p>\n","protected":false},"author":1,"featured_media":0,"parent":0,"menu_order":0,"comment_status":"closed","ping_status":"closed","template":"page-template\/contact-page.php","meta":{"_acf_changed":false,"footnotes":""},"class_list":["post-670","page","type-page","status-publish","hentry"],"acf":[],"_links":{"self":[{"href":"https:\/\/noy.nl\/de\/wp-json\/wp\/v2\/pages\/670","targetHints":{"allow":["GET"]}}],"collection":[{"href":"https:\/\/noy.nl\/de\/wp-json\/wp\/v2\/pages"}],"about":[{"href":"https:\/\/noy.nl\/de\/wp-json\/wp\/v2\/types\/page"}],"author":[{"embeddable":true,"href":"https:\/\/noy.nl\/de\/wp-json\/wp\/v2\/users\/1"}],"replies":[{"embeddable":true,"href":"https:\/\/noy.nl\/de\/wp-json\/wp\/v2\/comments?post=670"}],"version-history":[{"count":0,"href":"https:\/\/noy.nl\/de\/wp-json\/wp\/v2\/pages\/670\/revisions"}],"wp:attachment":[{"href":"https:\/\/noy.nl\/de\/wp-json\/wp\/v2\/media?parent=670"}],"curies":[{"name":"wp","href":"https:\/\/api.w.org\/{rel}","templated":true}]}}