{"id":756,"date":"2019-11-04T11:11:54","date_gmt":"2019-11-04T11:11:54","guid":{"rendered":"https:\/\/noy.nl\/de\/?page_id=756"},"modified":"2019-11-19T10:15:42","modified_gmt":"2019-11-19T10:15:42","slug":"bedingungen","status":"publish","type":"page","link":"https:\/\/noy.nl\/de\/bedingungen\/","title":{"rendered":"Bedingungen"},"content":{"rendered":"<p>Nachfolgend finden Sie unsere Konditionen. Klicken Sie hier, um es als PDF anzuzeigen.<\/p>\n<ul>\n<li><a href=\"https:\/\/noy.nl\/wp-content\/uploads\/2019\/11\/Algemene-voorwaarden-Noy-2019-Duits.pdf\" target=\"_blank\" rel=\"noopener noreferrer\">Allgemeine Gesch\u00e4ftsbedingungen NOY<\/a><\/li>\n<li><a href=\"https:\/\/noy.nl\/wp-content\/uploads\/2019\/11\/6010-Algemene-Vervoerscondities-AVC-2014-Engels.pdf\">Allgemeine Liefer-und Gesch\u00e4ftsbedingungen AVC<\/a><\/li>\n<li><a href=\"https:\/\/noy.nl\/wp-content\/uploads\/2019\/11\/CMR-verdrag_ENG-2019.pdf\">Allgemeine Liefer-und Gesch\u00e4ftsbedingungen CMR<\/a><\/li>\n<li><a href=\"https:\/\/noy.nl\/wp-content\/uploads\/2019\/11\/LSV-2014-Duits-pdf-2019.pdf\">Niederl\u00e4ndische Speditionsbedingungen<\/a><\/li>\n<li><a href=\"https:\/\/noy.nl\/wp-content\/uploads\/2019\/11\/DUI-NEDERLANDSE-EXPEDITIEVOORWAARDEN-2019.pdf\">Bedingungen f\u00fcr Logistikdienstleistungen<\/a><\/li>\n<\/ul>\n","protected":false},"excerpt":{"rendered":"<p>Nachfolgend finden Sie unsere Konditionen. Klicken Sie hier, um es als PDF anzuzeigen. Allgemeine Gesch\u00e4ftsbedingungen NOY Allgemeine Liefer-und Gesch\u00e4ftsbedingungen AVC Allgemeine Liefer-und Gesch\u00e4ftsbedingungen CMR Niederl\u00e4ndische Speditionsbedingungen Bedingungen f\u00fcr Logistikdienstleistungen<\/p>\n","protected":false},"author":1,"featured_media":0,"parent":0,"menu_order":0,"comment_status":"closed","ping_status":"closed","template":"","meta":{"_acf_changed":false,"footnotes":""},"class_list":["post-756","page","type-page","status-publish","hentry"],"acf":[],"_links":{"self":[{"href":"https:\/\/noy.nl\/de\/wp-json\/wp\/v2\/pages\/756","targetHints":{"allow":["GET"]}}],"collection":[{"href":"https:\/\/noy.nl\/de\/wp-json\/wp\/v2\/pages"}],"about":[{"href":"https:\/\/noy.nl\/de\/wp-json\/wp\/v2\/types\/page"}],"author":[{"embeddable":true,"href":"https:\/\/noy.nl\/de\/wp-json\/wp\/v2\/users\/1"}],"replies":[{"embeddable":true,"href":"https:\/\/noy.nl\/de\/wp-json\/wp\/v2\/comments?post=756"}],"version-history":[{"count":0,"href":"https:\/\/noy.nl\/de\/wp-json\/wp\/v2\/pages\/756\/revisions"}],"wp:attachment":[{"href":"https:\/\/noy.nl\/de\/wp-json\/wp\/v2\/media?parent=756"}],"curies":[{"name":"wp","href":"https:\/\/api.w.org\/{rel}","templated":true}]}}